{"id":94,"date":"2026-02-11T08:22:56","date_gmt":"2026-02-11T15:22:56","guid":{"rendered":"https:\/\/pitahealthllc.com\/?page_id=94"},"modified":"2026-02-14T06:28:14","modified_gmt":"2026-02-14T13:28:14","slug":"productos","status":"publish","type":"page","link":"https:\/\/pitahealthllc.com\/en\/productos\/","title":{"rendered":"Products"},"content":{"rendered":"<div data-elementor-type=\"wp-page\" data-elementor-id=\"94\" class=\"elementor elementor-94\">\n\t\t\t\t<div class=\"elementor-element elementor-element-a3ab35d e-con-full e-flex e-con e-parent\" data-id=\"a3ab35d\" data-element_type=\"container\" data-e-type=\"container\">\n\t\t<div class=\"elementor-element elementor-element-69b141c e-con-full e-flex e-con e-child\" data-id=\"69b141c\" data-element_type=\"container\" data-e-type=\"container\">\n\t\t\t\t<div class=\"elementor-element elementor-element-77c8d49 animated-slow elementor-invisible elementor-widget elementor-widget-heading\" data-id=\"77c8d49\" data-element_type=\"widget\" data-e-type=\"widget\" data-settings=\"{&quot;_animation&quot;:&quot;fadeInLeft&quot;}\" data-widget_type=\"heading.default\">\n\t\t\t\t\t<h2 class=\"elementor-heading-title elementor-size-default\">The yellow pitahaya <\/h2>\t\t\t\t<\/div>\n\t\t\t\t<div class=\"elementor-element elementor-element-f2a93a4 animated-slow elementor-invisible elementor-widget elementor-widget-heading\" data-id=\"f2a93a4\" data-element_type=\"widget\" data-e-type=\"widget\" data-settings=\"{&quot;_animation&quot;:&quot;fadeInLeft&quot;}\" data-widget_type=\"heading.default\">\n\t\t\t\t\t<h2 class=\"elementor-heading-title elementor-size-default\"> from the Ecuadorian Amazon to the world.<\/h2>\t\t\t\t<\/div>\n\t\t\t\t<\/div>\n\t\t<div class=\"elementor-element elementor-element-61cc14b e-con-full e-flex e-con e-child\" data-id=\"61cc14b\" data-element_type=\"container\" data-e-type=\"container\">\n\t\t\t\t<div class=\"elementor-element elementor-element-bb71942 elementor-widget elementor-widget-image\" data-id=\"bb71942\" data-element_type=\"widget\" data-e-type=\"widget\" data-widget_type=\"image.default\">\n\t\t\t\t\t\t\t\t\t\t\t\t\t\t\t<img fetchpriority=\"high\" decoding=\"async\" width=\"800\" height=\"534\" src=\"https:\/\/pitahealthllc.com\/wp-content\/uploads\/2026\/02\/fruta-pitahaya-1024x683.png\" class=\"attachment-large size-large wp-image-284\" alt=\"\" srcset=\"https:\/\/pitahealthllc.com\/wp-content\/uploads\/2026\/02\/fruta-pitahaya-1024x683.png 1024w, https:\/\/pitahealthllc.com\/wp-content\/uploads\/2026\/02\/fruta-pitahaya-300x200.png 300w, https:\/\/pitahealthllc.com\/wp-content\/uploads\/2026\/02\/fruta-pitahaya-768x512.png 768w, https:\/\/pitahealthllc.com\/wp-content\/uploads\/2026\/02\/fruta-pitahaya-18x12.png 18w, https:\/\/pitahealthllc.com\/wp-content\/uploads\/2026\/02\/fruta-pitahaya.png 1248w\" sizes=\"(max-width: 800px) 100vw, 800px\" \/>\t\t\t\t\t\t\t\t\t\t\t\t\t\t\t<\/div>\n\t\t\t\t<\/div>\n\t\t\t\t<\/div>\n\t\t<div class=\"elementor-element elementor-element-4b575c6 e-flex e-con-boxed e-con e-parent\" data-id=\"4b575c6\" data-element_type=\"container\" data-e-type=\"container\" data-settings=\"{&quot;background_background&quot;:&quot;classic&quot;}\">\n\t\t\t\t\t<div class=\"e-con-inner\">\n\t\t<div class=\"elementor-element elementor-element-c3b2e1d e-con-full e-flex e-con e-child\" data-id=\"c3b2e1d\" data-element_type=\"container\" data-e-type=\"container\">\n\t\t\t\t<div class=\"elementor-element elementor-element-2be2287 animated-slow elementor-invisible elementor-widget elementor-widget-image\" data-id=\"2be2287\" data-element_type=\"widget\" data-e-type=\"widget\" data-settings=\"{&quot;_animation&quot;:&quot;fadeInUp&quot;}\" data-widget_type=\"image.default\">\n\t\t\t\t\t\t\t\t\t\t\t\t\t\t\t<img decoding=\"async\" width=\"800\" height=\"800\" src=\"https:\/\/pitahealthllc.com\/wp-content\/uploads\/2026\/02\/Gemini_Generated_Image_w2wjjaw2wjjaw2wj.png\" class=\"attachment-large size-large wp-image-309\" alt=\"\" srcset=\"https:\/\/pitahealthllc.com\/wp-content\/uploads\/2026\/02\/Gemini_Generated_Image_w2wjjaw2wjjaw2wj.png 1024w, https:\/\/pitahealthllc.com\/wp-content\/uploads\/2026\/02\/Gemini_Generated_Image_w2wjjaw2wjjaw2wj-300x300.png 300w, https:\/\/pitahealthllc.com\/wp-content\/uploads\/2026\/02\/Gemini_Generated_Image_w2wjjaw2wjjaw2wj-150x150.png 150w, https:\/\/pitahealthllc.com\/wp-content\/uploads\/2026\/02\/Gemini_Generated_Image_w2wjjaw2wjjaw2wj-768x768.png 768w, https:\/\/pitahealthllc.com\/wp-content\/uploads\/2026\/02\/Gemini_Generated_Image_w2wjjaw2wjjaw2wj-12x12.png 12w\" sizes=\"(max-width: 800px) 100vw, 800px\" \/>\t\t\t\t\t\t\t\t\t\t\t\t\t\t\t<\/div>\n\t\t\t\t<\/div>\n\t\t<div class=\"elementor-element elementor-element-8301c7f e-con-full e-flex e-con e-child\" data-id=\"8301c7f\" data-element_type=\"container\" data-e-type=\"container\">\n\t\t<div class=\"elementor-element elementor-element-b0c0c61 e-con-full e-flex e-con e-child\" data-id=\"b0c0c61\" data-element_type=\"container\" data-e-type=\"container\">\n\t\t\t\t<div class=\"elementor-element elementor-element-c0b66bd animated-slow elementor-invisible elementor-widget elementor-widget-heading\" data-id=\"c0b66bd\" data-element_type=\"widget\" data-e-type=\"widget\" data-settings=\"{&quot;_animation&quot;:&quot;fadeInLeft&quot;}\" data-widget_type=\"heading.default\">\n\t\t\t\t\t<h2 class=\"elementor-heading-title elementor-size-default\">Yellow pitahaya<\/h2>\t\t\t\t<\/div>\n\t\t\t\t<div class=\"elementor-element elementor-element-38ef4b7 animated-slow elementor-invisible elementor-widget elementor-widget-heading\" data-id=\"38ef4b7\" data-element_type=\"widget\" data-e-type=\"widget\" data-settings=\"{&quot;_animation&quot;:&quot;fadeInRight&quot;}\" data-widget_type=\"heading.default\">\n\t\t\t\t\t<h2 class=\"elementor-heading-title elementor-size-default\">Fresh<\/h2>\t\t\t\t<\/div>\n\t\t\t\t<div class=\"elementor-element elementor-element-6bd932a elementor-widget elementor-widget-text-editor\" data-id=\"6bd932a\" data-element_type=\"widget\" data-e-type=\"widget\" data-widget_type=\"text-editor.default\">\n\t\t\t\t\t\t\t\t\t<p><span style=\"font-weight: 400;\">Fresh fruit for export, selected and packaged according to international standards.<\/span><\/p>\t\t\t\t\t\t\t\t<\/div>\n\t\t\t\t<\/div>\n\t\t\t\t<\/div>\n\t\t\t\t\t<\/div>\n\t\t\t\t<\/div>\n\t\t<div class=\"elementor-element elementor-element-a02bf28 e-flex e-con-boxed e-con e-parent\" data-id=\"a02bf28\" data-element_type=\"container\" data-e-type=\"container\" data-settings=\"{&quot;background_background&quot;:&quot;classic&quot;}\">\n\t\t\t\t\t<div class=\"e-con-inner\">\n\t\t<div class=\"elementor-element elementor-element-e5738bd e-con-full e-flex e-con e-child\" data-id=\"e5738bd\" data-element_type=\"container\" data-e-type=\"container\">\n\t\t\t\t<div class=\"elementor-element elementor-element-c751f86 animated-slow eael-dual-header-content-align-center elementor-invisible elementor-widget elementor-widget-eael-dual-color-header\" data-id=\"c751f86\" data-element_type=\"widget\" data-e-type=\"widget\" data-settings=\"{&quot;_animation&quot;:&quot;zoomIn&quot;}\" data-widget_type=\"eael-dual-color-header.default\">\n\t\t\t\t\t\t\t\t<div class=\"eael-dual-header\">\n\t\t\t\t<h2 class=\"title eael-dch-title\"><span class=\"eael-dch-title-text eael-dch-title-lead lead solid-color\">High value <\/span> <span class=\"eael-dch-title-text\">nutritional<\/span><\/h2>\t\t\t\t\t<span class=\"subtext\"><p>Selected fruits of the highest quality and nutritional standard.<\/p><\/span>\n\t\t\t\t\t\t\t\t\t<span class=\"eael-dch-svg-icon\"><svg aria-hidden=\"true\" class=\"e-font-icon-svg e-fas-chart-line\" viewbox=\"0 0 512 512\" xmlns=\"http:\/\/www.w3.org\/2000\/svg\"><path d=\"M496 384H64V80c0-8.84-7.16-16-16-16H16C7.16 64 0 71.16 0 80v336c0 17.67 14.33 32 32 32h464c8.84 0 16-7.16 16-16v-32c0-8.84-7.16-16-16-16zM464 96H345.94c-21.38 0-32.09 25.85-16.97 40.97l32.4 32.4L288 242.75l-73.37-73.37c-12.5-12.5-32.76-12.5-45.25 0l-68.69 68.69c-6.25 6.25-6.25 16.38 0 22.63l22.62 22.62c6.25 6.25 16.38 6.25 22.63 0L192 237.25l73.37 73.37c12.5 12.5 32.76 12.5 45.25 0l96-96 32.4 32.4c15.12 15.12 40.97 4.41 40.97-16.97V112c.01-8.84-7.15-16-15.99-16z\"><\/path><\/svg><\/span>\t\t\t\t\t\t\t<\/div>\n\n\t\t\t\t\t\t<\/div>\n\t\t\t\t<\/div>\n\t\t<div class=\"elementor-element elementor-element-ef16319 e-con-full e-flex e-con e-child\" data-id=\"ef16319\" data-element_type=\"container\" data-e-type=\"container\">\n\t\t\t\t<div class=\"elementor-element elementor-element-fd518f0 animated-slow eael-dual-header-content-align-center elementor-invisible elementor-widget elementor-widget-eael-dual-color-header\" data-id=\"fd518f0\" data-element_type=\"widget\" data-e-type=\"widget\" data-settings=\"{&quot;_animation&quot;:&quot;zoomIn&quot;}\" data-widget_type=\"eael-dual-color-header.default\">\n\t\t\t\t\t\t\t\t<div class=\"eael-dual-header\">\n\t\t\t\t<h2 class=\"title eael-dch-title\"><span class=\"eael-dch-title-text eael-dch-title-lead lead solid-color\">flavor <\/span> <span class=\"eael-dch-title-text\">exotic<\/span><\/h2>\t\t\t\t\t<span class=\"subtext\"><p>Each yellow pitahaya from Ecuador stands out for its unique flavor.<\/p><\/span>\n\t\t\t\t\t\t\t\t\t<span class=\"eael-dch-svg-icon\"><svg aria-hidden=\"true\" class=\"e-font-icon-svg e-fab-raspberry-pi\" viewbox=\"0 0 407 512\" xmlns=\"http:\/\/www.w3.org\/2000\/svg\"><path d=\"M372 232.5l-3.7-6.5c.1-46.4-21.4-65.3-46.5-79.7 7.6-2 15.4-3.6 17.6-13.2 13.1-3.3 15.8-9.4 17.1-15.8 3.4-2.3 14.8-8.7 13.6-19.7 6.4-4.4 10-10.1 8.1-18.1 6.9-7.5 8.7-13.7 5.8-19.4 8.3-10.3 4.6-15.6 1.1-20.9 6.2-11.2.7-23.2-16.6-21.2-6.9-10.1-21.9-7.8-24.2-7.8-2.6-3.2-6-6-16.5-4.7-6.8-6.1-14.4-5-22.3-2.1-9.3-7.3-15.5-1.4-22.6.8C271.6.6 269 5.5 263.5 7.6c-12.3-2.6-16.1 3-22 8.9l-6.9-.1c-18.6 10.8-27.8 32.8-31.1 44.1-3.3-11.3-12.5-33.3-31.1-44.1l-6.9.1c-5.9-5.9-9.7-11.5-22-8.9-5.6-2-8.1-7-19.4-3.4-4.6-1.4-8.9-4.4-13.9-4.3-2.6.1-5.5 1-8.7 3.5-7.9-3-15.5-4-22.3 2.1-10.5-1.3-14 1.4-16.5 4.7-2.3 0-17.3-2.3-24.2 7.8C21.2 16 15.8 28 22 39.2c-3.5 5.4-7.2 10.7 1.1 20.9-2.9 5.7-1.1 11.9 5.8 19.4-1.8 8 1.8 13.7 8.1 18.1-1.2 11 10.2 17.4 13.6 19.7 1.3 6.4 4 12.4 17.1 15.8 2.2 9.5 10 11.2 17.6 13.2-25.1 14.4-46.6 33.3-46.5 79.7l-3.7 6.5c-28.8 17.2-54.7 72.7-14.2 117.7 2.6 14.1 7.1 24.2 11 35.4 5.9 45.2 44.5 66.3 54.6 68.8 14.9 11.2 30.8 21.8 52.2 29.2C159 504.2 181 512 203 512h1c22.1 0 44-7.8 64.2-28.4 21.5-7.4 37.3-18 52.2-29.2 10.2-2.5 48.7-23.6 54.6-68.8 3.9-11.2 8.4-21.3 11-35.4 40.6-45.1 14.7-100.5-14-117.7zm-22.2-8c-1.5 18.7-98.9-65.1-82.1-67.9 45.7-7.5 83.6 19.2 82.1 67.9zm-43 93.1c-24.5 15.8-59.8 5.6-78.8-22.8s-14.6-64.2 9.9-80c24.5-15.8 59.8-5.6 78.8 22.8s14.6 64.2-9.9 80zM238.9 29.3c.8 4.2 1.8 6.8 2.9 7.6 5.4-5.8 9.8-11.7 16.8-17.3 0 3.3-1.7 6.8 2.5 9.4 3.7-5 8.8-9.5 15.5-13.3-3.2 5.6-.6 7.3 1.2 9.6 5.1-4.4 10-8.8 19.4-12.3-2.6 3.1-6.2 6.2-2.4 9.8 5.3-3.3 10.6-6.6 23.1-8.9-2.8 3.1-8.7 6.3-5.1 9.4 6.6-2.5 14-4.4 22.1-5.4-3.9 3.2-7.1 6.3-3.9 8.8 7.1-2.2 16.9-5.1 26.4-2.6l-6 6.1c-.7.8 14.1.6 23.9.8-3.6 5-7.2 9.7-9.3 18.2 1 1 5.8.4 10.4 0-4.7 9.9-12.8 12.3-14.7 16.6 2.9 2.2 6.8 1.6 11.2.1-3.4 6.9-10.4 11.7-16 17.3 1.4 1 3.9 1.6 9.7.9-5.2 5.5-11.4 10.5-18.8 15 1.3 1.5 5.8 1.5 10 1.6-6.7 6.5-15.3 9.9-23.4 14.2 4 2.7 6.9 2.1 10 2.1-5.7 4.7-15.4 7.1-24.4 10 1.7 2.7 3.4 3.4 7.1 4.1-9.5 5.3-23.2 2.9-27 5.6.9 2.7 3.6 4.4 6.7 5.8-15.4.9-57.3-.6-65.4-32.3 15.7-17.3 44.4-37.5 93.7-62.6-38.4 12.8-73 30-102 53.5-34.3-15.9-10.8-55.9 5.8-71.8zm-34.4 114.6c24.2-.3 54.1 17.8 54 34.7-.1 15-21 27.1-53.8 26.9-32.1-.4-53.7-15.2-53.6-29.8 0-11.9 26.2-32.5 53.4-31.8zm-123-12.8c3.7-.7 5.4-1.5 7.1-4.1-9-2.8-18.7-5.3-24.4-10 3.1 0 6 .7 10-2.1-8.1-4.3-16.7-7.7-23.4-14.2 4.2-.1 8.7 0 10-1.6-7.4-4.5-13.6-9.5-18.8-15 5.8.7 8.3.1 9.7-.9-5.6-5.6-12.7-10.4-16-17.3 4.3 1.5 8.3 2 11.2-.1-1.9-4.2-10-6.7-14.7-16.6 4.6.4 9.4 1 10.4 0-2.1-8.5-5.8-13.3-9.3-18.2 9.8-.1 24.6 0 23.9-.8l-6-6.1c9.5-2.5 19.3.4 26.4 2.6 3.2-2.5-.1-5.6-3.9-8.8 8.1 1.1 15.4 2.9 22.1 5.4 3.5-3.1-2.3-6.3-5.1-9.4 12.5 2.3 17.8 5.6 23.1 8.9 3.8-3.6.2-6.7-2.4-9.8 9.4 3.4 14.3 7.9 19.4 12.3 1.7-2.3 4.4-4 1.2-9.6 6.7 3.8 11.8 8.3 15.5 13.3 4.1-2.6 2.5-6.2 2.5-9.4 7 5.6 11.4 11.5 16.8 17.3 1.1-.8 2-3.4 2.9-7.6 16.6 15.9 40.1 55.9 6 71.8-29-23.5-63.6-40.7-102-53.5 49.3 25 78 45.3 93.7 62.6-8 31.8-50 33.2-65.4 32.3 3.1-1.4 5.8-3.2 6.7-5.8-4-2.8-17.6-.4-27.2-5.6zm60.1 24.1c16.8 2.8-80.6 86.5-82.1 67.9-1.5-48.7 36.5-75.5 82.1-67.9zM38.2 342c-23.7-18.8-31.3-73.7 12.6-98.3 26.5-7 9 107.8-12.6 98.3zm91 98.2c-13.3 7.9-45.8 4.7-68.8-27.9-15.5-27.4-13.5-55.2-2.6-63.4 16.3-9.8 41.5 3.4 60.9 25.6 16.9 20 24.6 55.3 10.5 65.7zm-26.4-119.7c-24.5-15.8-28.9-51.6-9.9-80s54.3-38.6 78.8-22.8 28.9 51.6 9.9 80c-19.1 28.4-54.4 38.6-78.8 22.8zM205 496c-29.4 1.2-58.2-23.7-57.8-32.3-.4-12.7 35.8-22.6 59.3-22 23.7-1 55.6 7.5 55.7 18.9.5 11-28.8 35.9-57.2 35.4zm58.9-124.9c.2 29.7-26.2 53.8-58.8 54-32.6.2-59.2-23.8-59.4-53.4v-.6c-.2-29.7 26.2-53.8 58.8-54 32.6-.2 59.2 23.8 59.4 53.4v.6zm82.2 42.7c-25.3 34.6-59.6 35.9-72.3 26.3-13.3-12.4-3.2-50.9 15.1-72 20.9-23.3 43.3-38.5 58.9-26.6 10.5 10.3 16.7 49.1-1.7 72.3zm22.9-73.2c-21.5 9.4-39-105.3-12.6-98.3 43.9 24.7 36.3 79.6 12.6 98.3z\"><\/path><\/svg><\/span>\t\t\t\t\t\t\t<\/div>\n\n\t\t\t\t\t\t<\/div>\n\t\t\t\t<\/div>\n\t\t<div class=\"elementor-element elementor-element-e2c62a8 e-con-full e-flex e-con e-child\" data-id=\"e2c62a8\" data-element_type=\"container\" data-e-type=\"container\">\n\t\t\t\t<div class=\"elementor-element elementor-element-8ff2a1f animated-slow eael-dual-header-content-align-center elementor-invisible elementor-widget elementor-widget-eael-dual-color-header\" data-id=\"8ff2a1f\" data-element_type=\"widget\" data-e-type=\"widget\" data-settings=\"{&quot;_animation&quot;:&quot;zoomIn&quot;}\" data-widget_type=\"eael-dual-color-header.default\">\n\t\t\t\t\t\t\t\t<div class=\"eael-dual-header\">\n\t\t\t\t<h2 class=\"title eael-dch-title\"><span class=\"eael-dch-title-text eael-dch-title-lead lead solid-color\">quality <\/span> <span class=\"eael-dch-title-text\">premium<\/span><\/h2>\t\t\t\t\t<span class=\"subtext\"><p>The quality standards we impose on our process guarantee an exclusive product.<\/p><\/span>\n\t\t\t\t\t\t\t\t\t<span class=\"eael-dch-svg-icon\"><svg aria-hidden=\"true\" class=\"e-font-icon-svg e-fas-shield-alt\" viewbox=\"0 0 512 512\" xmlns=\"http:\/\/www.w3.org\/2000\/svg\"><path d=\"M466.5 83.7l-192-80a48.15 48.15 0 0 0-36.9 0l-192 80C27.7 91.1 16 108.6 16 128c0 198.5 114.5 335.7 221.5 380.3 11.8 4.9 25.1 4.9 36.9 0C360.1 472.6 496 349.3 496 128c0-19.4-11.7-36.9-29.5-44.3zM256.1 446.3l-.1-381 175.9 73.3c-3.3 151.4-82.1 261.1-175.8 307.7z\"><\/path><\/svg><\/span>\t\t\t\t\t\t\t<\/div>\n\n\t\t\t\t\t\t<\/div>\n\t\t\t\t<\/div>\n\t\t<div class=\"elementor-element elementor-element-3b1719c e-con-full e-flex e-con e-child\" data-id=\"3b1719c\" data-element_type=\"container\" data-e-type=\"container\">\n\t\t\t\t<\/div>\n\t\t<div class=\"elementor-element elementor-element-19962f6 e-con-full e-flex e-con e-child\" data-id=\"19962f6\" data-element_type=\"container\" data-e-type=\"container\">\n\t\t\t\t<\/div>\n\t\t<div class=\"elementor-element elementor-element-f9f3653 e-con-full e-flex e-con e-child\" data-id=\"f9f3653\" data-element_type=\"container\" data-e-type=\"container\">\n\t\t\t\t<\/div>\n\t\t\t\t\t<\/div>\n\t\t\t\t<\/div>\n\t\t<div class=\"elementor-element elementor-element-3388533 e-flex e-con-boxed e-con e-parent\" data-id=\"3388533\" data-element_type=\"container\" data-e-type=\"container\" data-settings=\"{&quot;background_background&quot;:&quot;classic&quot;}\">\n\t\t\t\t\t<div class=\"e-con-inner\">\n\t\t<div class=\"elementor-element elementor-element-0faa4fe e-con-full e-flex e-con e-child\" data-id=\"0faa4fe\" data-element_type=\"container\" data-e-type=\"container\">\n\t\t\t\t<div class=\"elementor-element elementor-element-d216cee animated-slow elementor-invisible elementor-widget elementor-widget-heading\" data-id=\"d216cee\" data-element_type=\"widget\" data-e-type=\"widget\" data-settings=\"{&quot;_animation&quot;:&quot;fadeInLeft&quot;}\" data-widget_type=\"heading.default\">\n\t\t\t\t\t<h2 class=\"elementor-heading-title elementor-size-default\">Processed yellow pitahaya<\/h2>\t\t\t\t<\/div>\n\t\t\t\t<div class=\"elementor-element elementor-element-beb1b2c animated-slow elementor-invisible elementor-widget elementor-widget-heading\" data-id=\"beb1b2c\" data-element_type=\"widget\" data-e-type=\"widget\" data-settings=\"{&quot;_animation&quot;:&quot;fadeInRight&quot;}\" data-widget_type=\"heading.default\">\n\t\t\t\t\t<h2 class=\"elementor-heading-title elementor-size-default\">(pulp\/derivatives)<\/h2>\t\t\t\t<\/div>\n\t\t\t\t<div class=\"elementor-element elementor-element-abc9c1b elementor-widget elementor-widget-text-editor\" data-id=\"abc9c1b\" data-element_type=\"widget\" data-e-type=\"widget\" data-widget_type=\"text-editor.default\">\n\t\t\t\t\t\t\t\t\t<p><span style=\"font-weight: 400;\">Product processed for industrial use or consumption.<\/span><\/p>\t\t\t\t\t\t\t\t<\/div>\n\t\t\t\t<\/div>\n\t\t<div class=\"elementor-element elementor-element-66f9052 e-con-full e-flex e-con e-child\" data-id=\"66f9052\" data-element_type=\"container\" data-e-type=\"container\">\n\t\t\t\t<div class=\"elementor-element elementor-element-ec7d81c animated-slow elementor-invisible elementor-widget elementor-widget-image\" data-id=\"ec7d81c\" data-element_type=\"widget\" data-e-type=\"widget\" data-settings=\"{&quot;_animation&quot;:&quot;fadeInUp&quot;}\" data-widget_type=\"image.default\">\n\t\t\t\t\t\t\t\t\t\t\t\t\t\t\t<img decoding=\"async\" width=\"800\" height=\"1000\" src=\"https:\/\/pitahealthllc.com\/wp-content\/uploads\/2026\/02\/trabajador-empacando-pitahaya-819x1024.png\" class=\"attachment-large size-large wp-image-59\" alt=\"\" srcset=\"https:\/\/pitahealthllc.com\/wp-content\/uploads\/2026\/02\/trabajador-empacando-pitahaya-819x1024.png 819w, https:\/\/pitahealthllc.com\/wp-content\/uploads\/2026\/02\/trabajador-empacando-pitahaya-240x300.png 240w, https:\/\/pitahealthllc.com\/wp-content\/uploads\/2026\/02\/trabajador-empacando-pitahaya-768x960.png 768w, https:\/\/pitahealthllc.com\/wp-content\/uploads\/2026\/02\/trabajador-empacando-pitahaya.png 1080w\" sizes=\"(max-width: 800px) 100vw, 800px\" \/>\t\t\t\t\t\t\t\t\t\t\t\t\t\t\t<\/div>\n\t\t\t\t<\/div>\n\t\t\t\t\t<\/div>\n\t\t\t\t<\/div>\n\t\t<div class=\"elementor-element elementor-element-343c0d5 e-con-full e-flex e-con e-parent\" data-id=\"343c0d5\" data-element_type=\"container\" data-e-type=\"container\" data-settings=\"{&quot;background_background&quot;:&quot;classic&quot;}\">\n\t\t<div class=\"elementor-element elementor-element-3cd3382 e-con-full e-flex e-con e-child\" data-id=\"3cd3382\" data-element_type=\"container\" data-e-type=\"container\">\n\t\t\t\t<\/div>\n\t\t<div class=\"elementor-element elementor-element-f5a3ae2 e-con-full e-flex e-con e-child\" data-id=\"f5a3ae2\" data-element_type=\"container\" data-e-type=\"container\">\n\t\t\t\t<div class=\"elementor-element elementor-element-f8999fa animated-slow eael-dual-header-content-align-center elementor-invisible elementor-widget elementor-widget-eael-dual-color-header\" data-id=\"f8999fa\" data-element_type=\"widget\" data-e-type=\"widget\" data-settings=\"{&quot;_animation&quot;:&quot;zoomIn&quot;}\" data-widget_type=\"eael-dual-color-header.default\">\n\t\t\t\t\t\t\t\t<div class=\"eael-dual-header\">\n\t\t\t\t<h2 class=\"title eael-dch-title\"><span class=\"eael-dch-title-text eael-dch-title-lead lead solid-color\"> Longer service <\/span> <span class=\"eael-dch-title-text\">life<\/span><\/h2>\t\t\t\t\t<span class=\"subtext\"><p>High-quality care and international safety standards guarantee this.<\/p><\/span>\n\t\t\t\t\t\t\t\t\t<span class=\"eael-dch-svg-icon\"><svg aria-hidden=\"true\" class=\"e-font-icon-svg e-fas-check-double\" viewbox=\"0 0 512 512\" xmlns=\"http:\/\/www.w3.org\/2000\/svg\"><path d=\"M505 174.8l-39.6-39.6c-9.4-9.4-24.6-9.4-33.9 0L192 374.7 80.6 263.2c-9.4-9.4-24.6-9.4-33.9 0L7 302.9c-9.4 9.4-9.4 24.6 0 34L175 505c9.4 9.4 24.6 9.4 33.9 0l296-296.2c9.4-9.5 9.4-24.7.1-34zm-324.3 106c6.2 6.3 16.4 6.3 22.6 0l208-208.2c6.2-6.3 6.2-16.4 0-22.6L366.1 4.7c-6.2-6.3-16.4-6.3-22.6 0L192 156.2l-55.4-55.5c-6.2-6.3-16.4-6.3-22.6 0L68.7 146c-6.2 6.3-6.2 16.4 0 22.6l112 112.2z\"><\/path><\/svg><\/span>\t\t\t\t\t\t\t<\/div>\n\n\t\t\t\t\t\t<\/div>\n\t\t\t\t<\/div>\n\t\t<div class=\"elementor-element elementor-element-2304655 e-con-full e-flex e-con e-child\" data-id=\"2304655\" data-element_type=\"container\" data-e-type=\"container\">\n\t\t\t\t<div class=\"elementor-element elementor-element-adaf17a animated-slow eael-dual-header-content-align-center elementor-invisible elementor-widget elementor-widget-eael-dual-color-header\" data-id=\"adaf17a\" data-element_type=\"widget\" data-e-type=\"widget\" data-settings=\"{&quot;_animation&quot;:&quot;zoomIn&quot;}\" data-widget_type=\"eael-dual-color-header.default\">\n\t\t\t\t\t\t\t\t<div class=\"eael-dual-header\">\n\t\t\t\t<h2 class=\"title eael-dch-title\"><span class=\"eael-dch-title-text eael-dch-title-lead lead solid-color\">versatility of<\/span> <span class=\"eael-dch-title-text\"> use<\/span><\/h2>\t\t\t\t\t<span class=\"subtext\"><p>The Yellow Pitahaya from Ecuador is a product that can be used in multiple applications.<\/p><\/span>\n\t\t\t\t\t\t\t\t\t<span class=\"eael-dch-svg-icon\"><svg aria-hidden=\"true\" class=\"e-font-icon-svg e-fab-uncharted\" viewbox=\"0 0 448 512\" xmlns=\"http:\/\/www.w3.org\/2000\/svg\"><path d=\"M171.73,232.813A5.381,5.381,0,0,0,176.7,229.5,48.081,48.081,0,0,1,191.6,204.244c1.243-.828,1.657-2.484,1.657-4.141a4.22,4.22,0,0,0-2.071-3.312L74.429,128.473,148.958,85a9.941,9.941,0,0,0,4.968-8.281,9.108,9.108,0,0,0-4.968-8.281L126.6,55.6a9.748,9.748,0,0,0-9.523,0l-100.2,57.966a9.943,9.943,0,0,0-4.969,8.281V236.954a9.109,9.109,0,0,0,4.969,8.281L39.235,258.07a8.829,8.829,0,0,0,4.968,1.242,9.4,9.4,0,0,0,6.625-2.484,10.8,10.8,0,0,0,2.9-7.039V164.5L169.66,232.4A4.5,4.5,0,0,0,171.73,232.813ZM323.272,377.73a12.478,12.478,0,0,0-4.969,1.242l-74.528,43.062V287.882c0-2.9-2.9-5.8-6.211-4.555a53.036,53.036,0,0,1-28.984.414,4.86,4.86,0,0,0-6.21,4.555V421.619l-74.529-43.061a8.83,8.83,0,0,0-4.969-1.242,9.631,9.631,0,0,0-9.523,9.523v26.085a9.107,9.107,0,0,0,4.969,8.281l100.2,57.553A8.829,8.829,0,0,0,223.486,480a11.027,11.027,0,0,0,4.969-1.242l100.2-57.553a9.941,9.941,0,0,0,4.968-8.281V386.839C332.8,382.285,328.24,377.73,323.272,377.73ZM286.007,78a23,23,0,1,0-23-23A23,23,0,0,0,286.007,78Zm63.627-10.086a23,23,0,1,0,23,23A23,23,0,0,0,349.634,67.914ZM412.816,151.6a23,23,0,1,0-23-23A23,23,0,0,0,412.816,151.6Zm-63.182-9.2a23,23,0,1,0,23,23A23,23,0,0,0,349.634,142.4Zm-63.627,83.244a23,23,0,1,0-23-23A23,23,0,0,0,286.007,225.648Zm-62.074,36.358a23,23,0,1,0-23-23A23,23,0,0,0,223.933,262.006Zm188.883-82.358a23,23,0,1,0,23,23A23,23,0,0,0,412.816,179.648Zm0,72.272a23,23,0,1,0,23,23A23,23,0,0,0,412.816,251.92Z\"><\/path><\/svg><\/span>\t\t\t\t\t\t\t<\/div>\n\n\t\t\t\t\t\t<\/div>\n\t\t\t\t<\/div>\n\t\t<div class=\"elementor-element elementor-element-73a5af7 e-con-full e-flex e-con e-child\" data-id=\"73a5af7\" data-element_type=\"container\" data-e-type=\"container\">\n\t\t\t\t<\/div>\n\t\t\t\t<\/div>\n\t\t<div class=\"elementor-element elementor-element-178df54 e-con-full e-flex e-con e-parent\" data-id=\"178df54\" data-element_type=\"container\" data-e-type=\"container\" data-settings=\"{&quot;background_background&quot;:&quot;classic&quot;}\">\n\t\t\t\t<div class=\"elementor-element elementor-element-3444615 content-align-cta-center elementor-widget elementor-widget-eael-cta-box\" data-id=\"3444615\" data-element_type=\"widget\" data-e-type=\"widget\" data-widget_type=\"eael-cta-box.default\">\n\t\t\t\t\t\t\t<div class=\"eael-call-to-action cta-basic bg-lite cta-preset-2\">\n        <h2 class=\"title eael-cta-heading\">Become a partner distributor<\/h2><p>We are ready to take your business to the next level with the distribution of Yellow Pitahaya from the Ecuadorian Amazon.<\/p><a href=\"#\" class=\"cta-button cta-preset-2 cta-btn-preset-2\"><span class=\"btn-icon\"><svg aria-hidden=\"true\" class=\"e-font-icon-svg e-fab-whatsapp\" viewbox=\"0 0 448 512\" xmlns=\"http:\/\/www.w3.org\/2000\/svg\"><path d=\"M380.9 97.1C339 55.1 283.2 32 223.9 32c-122.4 0-222 99.6-222 222 0 39.1 10.2 77.3 29.6 111L0 480l117.7-30.9c32.4 17.7 68.9 27 106.1 27h.1c122.3 0 224.1-99.6 224.1-222 0-59.3-25.2-115-67.1-157zm-157 341.6c-33.2 0-65.7-8.9-94-25.7l-6.7-4-69.8 18.3L72 359.2l-4.4-7c-18.5-29.4-28.2-63.3-28.2-98.2 0-101.7 82.8-184.5 184.6-184.5 49.3 0 95.6 19.2 130.4 54.1 34.8 34.9 56.2 81.2 56.1 130.5 0 101.8-84.9 184.6-186.6 184.6zm101.2-138.2c-5.5-2.8-32.8-16.2-37.9-18-5.1-1.9-8.8-2.8-12.5 2.8-3.7 5.6-14.3 18-17.6 21.8-3.2 3.7-6.5 4.2-12 1.4-32.6-16.3-54-29.1-75.5-66-5.7-9.8 5.7-9.1 16.3-30.3 1.8-3.7.9-6.9-.5-9.7-1.4-2.8-12.5-30.1-17.1-41.2-4.5-10.8-9.1-9.3-12.5-9.5-3.2-.2-6.9-.2-10.6-.2-3.7 0-9.7 1.4-14.8 6.9-5.1 5.6-19.4 19-19.4 46.3 0 27.3 19.9 53.7 22.6 57.4 2.8 3.7 39.1 59.7 94.8 83.8 35.2 15.2 49 16.5 66.6 13.9 10.7-1.6 32.8-13.4 37.4-26.4 4.6-13 4.6-24.1 3.2-26.4-1.3-2.5-5-3.9-10.5-6.6z\"><\/path><\/svg><\/span>Contact us<\/a>\t<\/div>\n\t\t\t\t\t\t\t\t<\/div>\n\t\t\t\t<\/div>\n\t\t\t\t<\/div>","protected":false},"excerpt":{"rendered":"<p>La pitahaya amarilla de la Amazon\u00eda ecuatoriana al mundo. Pitahaya amarilla Fresca Fruta fresca de exportaci\u00f3n, seleccionada y empacada bajo est\u00e1ndares internacionales. Alto valor nutricional Frutas seleccionadas de primera calidad y alto est\u00e1ndar nutricional. sabor ex\u00f3tico Cada Pitahaya amarilla del Ecuador destaca por su sabor \u00fanico. calidad premium El est\u00e1ndar de calidad que imponemos en [&hellip;]<\/p>\n","protected":false},"author":1,"featured_media":0,"parent":0,"menu_order":0,"comment_status":"closed","ping_status":"closed","template":"elementor_header_footer","meta":{"footnotes":""},"class_list":["post-94","page","type-page","status-publish","hentry"],"_links":{"self":[{"href":"https:\/\/pitahealthllc.com\/en\/wp-json\/wp\/v2\/pages\/94","targetHints":{"allow":["GET"]}}],"collection":[{"href":"https:\/\/pitahealthllc.com\/en\/wp-json\/wp\/v2\/pages"}],"about":[{"href":"https:\/\/pitahealthllc.com\/en\/wp-json\/wp\/v2\/types\/page"}],"author":[{"embeddable":true,"href":"https:\/\/pitahealthllc.com\/en\/wp-json\/wp\/v2\/users\/1"}],"replies":[{"embeddable":true,"href":"https:\/\/pitahealthllc.com\/en\/wp-json\/wp\/v2\/comments?post=94"}],"version-history":[{"count":20,"href":"https:\/\/pitahealthllc.com\/en\/wp-json\/wp\/v2\/pages\/94\/revisions"}],"predecessor-version":[{"id":322,"href":"https:\/\/pitahealthllc.com\/en\/wp-json\/wp\/v2\/pages\/94\/revisions\/322"}],"wp:attachment":[{"href":"https:\/\/pitahealthllc.com\/en\/wp-json\/wp\/v2\/media?parent=94"}],"curies":[{"name":"wp","href":"https:\/\/api.w.org\/{rel}","templated":true}]}}