{"id":160,"date":"2026-02-11T11:23:40","date_gmt":"2026-02-11T18:23:40","guid":{"rendered":"https:\/\/pitahealthllc.com\/?page_id=160"},"modified":"2026-02-14T05:40:56","modified_gmt":"2026-02-14T12:40:56","slug":"nosotros","status":"publish","type":"page","link":"https:\/\/pitahealthllc.com\/en\/nosotros\/","title":{"rendered":"about us"},"content":{"rendered":"<div data-elementor-type=\"wp-page\" data-elementor-id=\"160\" class=\"elementor elementor-160\">\n\t\t\t\t<div class=\"elementor-element elementor-element-82f90f4 e-flex e-con-boxed e-con e-parent\" data-id=\"82f90f4\" data-element_type=\"container\" data-e-type=\"container\" data-settings=\"{&quot;background_background&quot;:&quot;classic&quot;}\">\n\t\t\t\t\t<div class=\"e-con-inner\">\n\t\t\t\t<div class=\"elementor-element elementor-element-ac30468 elementor-widget elementor-widget-spacer\" data-id=\"ac30468\" data-element_type=\"widget\" data-e-type=\"widget\" data-widget_type=\"spacer.default\">\n\t\t\t\t\t\t\t<div class=\"elementor-spacer\">\n\t\t\t<div class=\"elementor-spacer-inner\"><\/div>\n\t\t<\/div>\n\t\t\t\t\t\t<\/div>\n\t\t\t\t<div class=\"elementor-element elementor-element-5df8507 animated-slow elementor-invisible elementor-widget elementor-widget-heading\" data-id=\"5df8507\" data-element_type=\"widget\" data-e-type=\"widget\" data-settings=\"{&quot;_animation&quot;:&quot;fadeInUp&quot;}\" data-widget_type=\"heading.default\">\n\t\t\t\t\t<h2 class=\"elementor-heading-title elementor-size-default\">A team inspired by the agricultural wealth of the Amazon<\/h2>\t\t\t\t<\/div>\n\t\t\t\t<div class=\"elementor-element elementor-element-34f78cf elementor-widget elementor-widget-spacer\" data-id=\"34f78cf\" data-element_type=\"widget\" data-e-type=\"widget\" data-widget_type=\"spacer.default\">\n\t\t\t\t\t\t\t<div class=\"elementor-spacer\">\n\t\t\t<div class=\"elementor-spacer-inner\"><\/div>\n\t\t<\/div>\n\t\t\t\t\t\t<\/div>\n\t\t\t\t<div class=\"elementor-element elementor-element-409f795 elementor-align-center animated-slow elementor-invisible elementor-widget elementor-widget-button\" data-id=\"409f795\" data-element_type=\"widget\" data-e-type=\"widget\" data-settings=\"{&quot;_animation&quot;:&quot;fadeInUp&quot;,&quot;_animation_delay&quot;:120}\" data-widget_type=\"button.default\">\n\t\t\t\t\t\t\t\t\t\t<a class=\"elementor-button elementor-button-link elementor-size-sm\" href=\"#\">\n\t\t\t\t\t\t<span class=\"elementor-button-content-wrapper\">\n\t\t\t\t\t\t\t\t\t<span class=\"elementor-button-text\">CONTACT US<\/span>\n\t\t\t\t\t<\/span>\n\t\t\t\t\t<\/a>\n\t\t\t\t\t\t\t\t<\/div>\n\t\t\t\t<div class=\"elementor-element elementor-element-ead33a3 elementor-widget elementor-widget-spacer\" data-id=\"ead33a3\" data-element_type=\"widget\" data-e-type=\"widget\" data-widget_type=\"spacer.default\">\n\t\t\t\t\t\t\t<div class=\"elementor-spacer\">\n\t\t\t<div class=\"elementor-spacer-inner\"><\/div>\n\t\t<\/div>\n\t\t\t\t\t\t<\/div>\n\t\t\t\t\t<\/div>\n\t\t\t\t<\/div>\n\t\t<div class=\"elementor-element elementor-element-85e5ed0 e-flex e-con-boxed e-con e-parent\" data-id=\"85e5ed0\" data-element_type=\"container\" data-e-type=\"container\">\n\t\t\t\t\t<div class=\"e-con-inner\">\n\t\t<div class=\"elementor-element elementor-element-8836e41 e-con-full e-flex e-con e-child\" data-id=\"8836e41\" data-element_type=\"container\" data-e-type=\"container\">\n\t\t\t\t<div class=\"elementor-element elementor-element-f530721 animated-slow elementor-invisible elementor-widget elementor-widget-heading\" data-id=\"f530721\" data-element_type=\"widget\" data-e-type=\"widget\" data-settings=\"{&quot;_animation&quot;:&quot;fadeInUp&quot;}\" data-widget_type=\"heading.default\">\n\t\t\t\t\t<h2 class=\"elementor-heading-title elementor-size-default\">PitaHealth EC LLC<\/h2>\t\t\t\t<\/div>\n\t\t\t\t<div class=\"elementor-element elementor-element-ab275db animated-slow elementor-invisible elementor-widget elementor-widget-text-editor\" data-id=\"ab275db\" data-element_type=\"widget\" data-e-type=\"widget\" data-settings=\"{&quot;_animation&quot;:&quot;fadeIn&quot;}\" data-widget_type=\"text-editor.default\">\n\t\t\t\t\t\t\t\t\t<p><span style=\"font-weight: 400;\">It was founded as a company focused on the international marketing of Ecuadorian yellow pitahaya, inspired by the agricultural wealth of the Amazon and the growing global demand for healthy exotic fruits with high nutritional value. Its origins are deeply linked to the legacy of <strong>Victoria Ortiz<\/strong>, a visionary woman whose relationship with the land began more than 30 years ago in the Palora region of the Ecuadorian Amazon.<\/span><\/p>\t\t\t\t\t\t\t\t<\/div>\n\t\t\t\t<\/div>\n\t\t<div class=\"elementor-element elementor-element-a8953cf e-con-full e-flex e-con e-child\" data-id=\"a8953cf\" data-element_type=\"container\" data-e-type=\"container\">\n\t\t\t\t<div class=\"elementor-element elementor-element-0bd1ec0 elementor-widget elementor-widget-image\" data-id=\"0bd1ec0\" data-element_type=\"widget\" data-e-type=\"widget\" data-widget_type=\"image.default\">\n\t\t\t\t\t\t\t\t\t\t\t\t\t\t\t<img fetchpriority=\"high\" decoding=\"async\" width=\"800\" height=\"534\" src=\"https:\/\/pitahealthllc.com\/wp-content\/uploads\/2026\/02\/coscha-de-pitahaya-1024x683.png\" class=\"attachment-large size-large wp-image-288\" alt=\"\" srcset=\"https:\/\/pitahealthllc.com\/wp-content\/uploads\/2026\/02\/coscha-de-pitahaya-1024x683.png 1024w, https:\/\/pitahealthllc.com\/wp-content\/uploads\/2026\/02\/coscha-de-pitahaya-300x200.png 300w, https:\/\/pitahealthllc.com\/wp-content\/uploads\/2026\/02\/coscha-de-pitahaya-768x512.png 768w, https:\/\/pitahealthllc.com\/wp-content\/uploads\/2026\/02\/coscha-de-pitahaya-18x12.png 18w, https:\/\/pitahealthllc.com\/wp-content\/uploads\/2026\/02\/coscha-de-pitahaya.png 1248w\" sizes=\"(max-width: 800px) 100vw, 800px\" \/>\t\t\t\t\t\t\t\t\t\t\t\t\t\t\t<\/div>\n\t\t\t\t<\/div>\n\t\t\t\t\t<\/div>\n\t\t\t\t<\/div>\n\t\t<div class=\"elementor-element elementor-element-f6824ce e-flex e-con-boxed e-con e-parent\" data-id=\"f6824ce\" data-element_type=\"container\" data-e-type=\"container\">\n\t\t\t\t\t<div class=\"e-con-inner\">\n\t\t<div class=\"elementor-element elementor-element-b25c6d0 e-con-full e-flex e-con e-child\" data-id=\"b25c6d0\" data-element_type=\"container\" data-e-type=\"container\">\n\t\t\t\t<div class=\"elementor-element elementor-element-ed10883 elementor-widget elementor-widget-eael-svg-draw\" data-id=\"ed10883\" data-element_type=\"widget\" data-e-type=\"widget\" data-widget_type=\"eael-svg-draw.default\">\n\t\t\t\t\t<div class=\"eael-svg-draw-container page-load\" data-settings=\"{&quot;fill_type&quot;:&quot;none&quot;,&quot;fill_color&quot;:null,&quot;start_point&quot;:&quot;95%&quot;,&quot;end_point&quot;:&quot;10%&quot;,&quot;marker&quot;:false,&quot;loop&quot;:&quot;yes&quot;,&quot;loop_delay&quot;:1.5,&quot;pause&quot;:&quot;no&quot;,&quot;direction&quot;:&quot;reverse&quot;,&quot;excludeStyle&quot;:&quot;no&quot;,&quot;transition&quot;:&quot;1&quot;,&quot;stroke_length&quot;:100,&quot;ease_type&quot;:&quot;none&quot;,&quot;has_pro&quot;:false,&quot;speed&quot;:1}\"><svg class='svg-inline--fas-fa-fingerprint  eael-svg-icon' aria-hidden='true' role='img' xmlns='http:\/\/www.w3.org\/2000\/svg' viewbox='0 0 512 512'><path fill='' d='M256.12 245.96c-13.25 0-24 10.74-24 24 1.14 72.25-8.14 141.9-27.7 211.55-2.73 9.72 2.15 30.49 23.12 30.49 10.48 0 20.11-6.92 23.09-17.52 13.53-47.91 31.04-125.41 29.48-224.52.01-13.25-10.73-24-23.99-24zm-.86-81.73C194 164.16 151.25 211.3 152.1 265.32c.75 47.94-3.75 95.91-13.37 142.55-2.69 12.98 5.67 25.69 18.64 28.36 13.05 2.67 25.67-5.66 28.36-18.64 10.34-50.09 15.17-101.58 14.37-153.02-.41-25.95 19.92-52.49 54.45-52.34 31.31.47 57.15 25.34 57.62 55.47.77 48.05-2.81 96.33-10.61 143.55-2.17 13.06 6.69 25.42 19.76 27.58 19.97 3.33 26.81-15.1 27.58-19.77 8.28-50.03 12.06-101.21 11.27-152.11-.88-55.8-47.94-101.88-104.91-102.72zm-110.69-19.78c-10.3-8.34-25.37-6.8-33.76 3.48-25.62 31.5-39.39 71.28-38.75 112 .59 37.58-2.47 75.27-9.11 112.05-2.34 13.05 6.31 25.53 19.36 27.89 20.11 3.5 27.07-14.81 27.89-19.36 7.19-39.84 10.5-80.66 9.86-121.33-.47-29.88 9.2-57.88 28-80.97 8.35-10.28 6.79-25.39-3.49-33.76zm109.47-62.33c-15.41-.41-30.87 1.44-45.78 4.97-12.89 3.06-20.87 15.98-17.83 28.89 3.06 12.89 16 20.83 28.89 17.83 11.05-2.61 22.47-3.77 34-3.69 75.43 1.13 137.73 61.5 138.88 134.58.59 37.88-1.28 76.11-5.58 113.63-1.5 13.17 7.95 25.08 21.11 26.58 16.72 1.95 25.51-11.88 26.58-21.11a929.06 929.06 0 0 0 5.89-119.85c-1.56-98.75-85.07-180.33-186.16-181.83zm252.07 121.45c-2.86-12.92-15.51-21.2-28.61-18.27-12.94 2.86-21.12 15.66-18.26 28.61 4.71 21.41 4.91 37.41 4.7 61.6-.11 13.27 10.55 24.09 23.8 24.2h.2c13.17 0 23.89-10.61 24-23.8.18-22.18.4-44.11-5.83-72.34zm-40.12-90.72C417.29 43.46 337.6 1.29 252.81.02 183.02-.82 118.47 24.91 70.46 72.94 24.09 119.37-.9 181.04.14 246.65l-.12 21.47c-.39 13.25 10.03 24.31 23.28 24.69.23.02.48.02.72.02 12.92 0 23.59-10.3 23.97-23.3l.16-23.64c-.83-52.5 19.16-101.86 56.28-139 38.76-38.8 91.34-59.67 147.68-58.86 69.45 1.03 134.73 35.56 174.62 92.39 7.61 10.86 22.56 13.45 33.42 5.86 10.84-7.62 13.46-22.59 5.84-33.43z'><\/path><\/svg> <\/div>\t\t\t\t<\/div>\n\t\t\t\t<div class=\"elementor-element elementor-element-c7875d3 animated-slow elementor-invisible elementor-widget elementor-widget-text-editor\" data-id=\"c7875d3\" data-element_type=\"widget\" data-e-type=\"widget\" data-settings=\"{&quot;_animation&quot;:&quot;fadeIn&quot;}\" data-widget_type=\"text-editor.default\">\n\t\t\t\t\t\t\t\t\t<p>Experience and origin\u00a0<\/p>\t\t\t\t\t\t\t\t<\/div>\n\t\t\t\t<\/div>\n\t\t<div class=\"elementor-element elementor-element-dc21a3c e-con-full e-flex e-con e-child\" data-id=\"dc21a3c\" data-element_type=\"container\" data-e-type=\"container\">\n\t\t\t\t<div class=\"elementor-element elementor-element-04dce16 animated-slow elementor-invisible elementor-widget elementor-widget-text-editor\" data-id=\"04dce16\" data-element_type=\"widget\" data-e-type=\"widget\" data-settings=\"{&quot;_animation&quot;:&quot;fadeIn&quot;}\" data-widget_type=\"text-editor.default\">\n\t\t\t\t\t\t\t\t\t<p><span style=\"font-weight: 400;\"><strong>Victoria Ortiz<\/strong> She began her career as a farmer, passionately dedicating herself to growing yellow pitahaya and acquiring a deep understanding of the soil, climate, and natural cycles. Over time, her experience led her to work as a mediator, connecting small producers with local markets, always prioritizing quality, honest work, traceability of origin, and respect for nature. This stage allowed her to understand not only agricultural production, but also the importance of fair and responsible marketing.<\/span><\/p>\t\t\t\t\t\t\t\t<\/div>\n\t\t\t\t<\/div>\n\t\t\t\t\t<\/div>\n\t\t\t\t<\/div>\n\t\t<div class=\"elementor-element elementor-element-36b10c8 e-flex e-con-boxed e-con e-parent\" data-id=\"36b10c8\" data-element_type=\"container\" data-e-type=\"container\" data-settings=\"{&quot;background_background&quot;:&quot;classic&quot;}\">\n\t\t\t\t\t<div class=\"e-con-inner\">\n\t\t<div class=\"elementor-element elementor-element-2661092 e-con-full e-flex e-con e-child\" data-id=\"2661092\" data-element_type=\"container\" data-e-type=\"container\">\n\t\t\t\t<div class=\"elementor-element elementor-element-5034522 elementor-widget elementor-widget-eael-svg-draw\" data-id=\"5034522\" data-element_type=\"widget\" data-e-type=\"widget\" data-widget_type=\"eael-svg-draw.default\">\n\t\t\t\t\t<div class=\"eael-svg-draw-container page-load\" data-settings=\"{&quot;fill_type&quot;:&quot;none&quot;,&quot;fill_color&quot;:null,&quot;start_point&quot;:&quot;95%&quot;,&quot;end_point&quot;:&quot;10%&quot;,&quot;marker&quot;:false,&quot;loop&quot;:&quot;yes&quot;,&quot;loop_delay&quot;:1.5,&quot;pause&quot;:&quot;no&quot;,&quot;direction&quot;:&quot;reverse&quot;,&quot;excludeStyle&quot;:&quot;no&quot;,&quot;transition&quot;:&quot;1&quot;,&quot;stroke_length&quot;:100,&quot;ease_type&quot;:&quot;none&quot;,&quot;has_pro&quot;:false,&quot;speed&quot;:1}\"><svg class='svg-inline--fas-fa-random  eael-svg-icon' aria-hidden='true' role='img' xmlns='http:\/\/www.w3.org\/2000\/svg' viewbox='0 0 512 512'><path fill='' d='M504.971 359.029c9.373 9.373 9.373 24.569 0 33.941l-80 79.984c-15.01 15.01-40.971 4.49-40.971-16.971V416h-58.785a12.004 12.004 0 0 1-8.773-3.812l-70.556-75.596 53.333-57.143L352 336h32v-39.981c0-21.438 25.943-31.998 40.971-16.971l80 79.981zM12 176h84l52.781 56.551 53.333-57.143-70.556-75.596A11.999 11.999 0 0 0 122.785 96H12c-6.627 0-12 5.373-12 12v56c0 6.627 5.373 12 12 12zm372 0v39.984c0 21.46 25.961 31.98 40.971 16.971l80-79.984c9.373-9.373 9.373-24.569 0-33.941l-80-79.981C409.943 24.021 384 34.582 384 56.019V96h-58.785a12.004 12.004 0 0 0-8.773 3.812L96 336H12c-6.627 0-12 5.373-12 12v56c0 6.627 5.373 12 12 12h110.785c3.326 0 6.503-1.381 8.773-3.812L352 176h32z'><\/path><\/svg> <\/div>\t\t\t\t<\/div>\n\t\t\t\t<div class=\"elementor-element elementor-element-eaee002 animated-slow elementor-invisible elementor-widget elementor-widget-text-editor\" data-id=\"eaee002\" data-element_type=\"widget\" data-e-type=\"widget\" data-settings=\"{&quot;_animation&quot;:&quot;fadeIn&quot;}\" data-widget_type=\"text-editor.default\">\n\t\t\t\t\t\t\t\t\t<p><span style=\"font-weight: 400;\">Natural evolution<\/span><\/p>\t\t\t\t\t\t\t\t<\/div>\n\t\t\t\t<div class=\"elementor-element elementor-element-7f61312 animated-slow elementor-invisible elementor-widget elementor-widget-text-editor\" data-id=\"7f61312\" data-element_type=\"widget\" data-e-type=\"widget\" data-settings=\"{&quot;_animation&quot;:&quot;fadeIn&quot;}\" data-widget_type=\"text-editor.default\">\n\t\t\t\t\t\t\t\t\t<p><span style=\"font-weight: 400;\">This natural evolution prompted her to take the next step: becoming an entrepreneur, with the vision of taking Amazonian yellow pitahaya beyond Ecuador's borders. Inspired by her career, values, and constant effort, she emerged. <strong>PitaHealth EC LLC<\/strong> as a company that honors that family legacy and projects it onto international markets.<\/span><\/p>\t\t\t\t\t\t\t\t<\/div>\n\t\t\t\t<\/div>\n\t\t<div class=\"elementor-element elementor-element-2ab1207 e-con-full e-flex e-con e-child\" data-id=\"2ab1207\" data-element_type=\"container\" data-e-type=\"container\">\n\t\t\t\t<div class=\"elementor-element elementor-element-1b07098 elementor-widget elementor-widget-image\" data-id=\"1b07098\" data-element_type=\"widget\" data-e-type=\"widget\" data-widget_type=\"image.default\">\n\t\t\t\t\t\t\t\t\t\t\t\t\t\t\t<img decoding=\"async\" width=\"896\" height=\"1152\" src=\"https:\/\/pitahealthllc.com\/wp-content\/uploads\/2026\/02\/natural-pitahaya.png\" class=\"attachment-full size-full wp-image-297\" alt=\"\" srcset=\"https:\/\/pitahealthllc.com\/wp-content\/uploads\/2026\/02\/natural-pitahaya.png 896w, https:\/\/pitahealthllc.com\/wp-content\/uploads\/2026\/02\/natural-pitahaya-233x300.png 233w, https:\/\/pitahealthllc.com\/wp-content\/uploads\/2026\/02\/natural-pitahaya-796x1024.png 796w, https:\/\/pitahealthllc.com\/wp-content\/uploads\/2026\/02\/natural-pitahaya-768x987.png 768w, https:\/\/pitahealthllc.com\/wp-content\/uploads\/2026\/02\/natural-pitahaya-9x12.png 9w\" sizes=\"(max-width: 896px) 100vw, 896px\" \/>\t\t\t\t\t\t\t\t\t\t\t\t\t\t\t<\/div>\n\t\t\t\t<\/div>\n\t\t\t\t\t<\/div>\n\t\t\t\t<\/div>\n\t\t<div class=\"elementor-element elementor-element-22dd91c e-con-full e-flex e-con e-parent\" data-id=\"22dd91c\" data-element_type=\"container\" data-e-type=\"container\">\n\t\t<div class=\"elementor-element elementor-element-7295595 e-con-full e-flex e-con e-child\" data-id=\"7295595\" data-element_type=\"container\" data-e-type=\"container\">\n\t\t\t\t<div class=\"elementor-element elementor-element-5cfa945 elementor-widget elementor-widget-image\" data-id=\"5cfa945\" data-element_type=\"widget\" data-e-type=\"widget\" data-widget_type=\"image.default\">\n\t\t\t\t\t\t\t\t\t\t\t\t\t\t\t<img decoding=\"async\" width=\"560\" height=\"720\" src=\"https:\/\/pitahealthllc.com\/wp-content\/uploads\/2026\/02\/pitahaya-para-exportacion-2.png\" class=\"attachment-medium_large size-medium_large wp-image-293\" alt=\"\" srcset=\"https:\/\/pitahealthllc.com\/wp-content\/uploads\/2026\/02\/pitahaya-para-exportacion-2.png 560w, https:\/\/pitahealthllc.com\/wp-content\/uploads\/2026\/02\/pitahaya-para-exportacion-2-233x300.png 233w, https:\/\/pitahealthllc.com\/wp-content\/uploads\/2026\/02\/pitahaya-para-exportacion-2-9x12.png 9w\" sizes=\"(max-width: 560px) 100vw, 560px\" \/>\t\t\t\t\t\t\t\t\t\t\t\t\t\t\t<\/div>\n\t\t\t\t<\/div>\n\t\t<div class=\"elementor-element elementor-element-83b8156 e-con-full e-flex e-con e-child\" data-id=\"83b8156\" data-element_type=\"container\" data-e-type=\"container\">\n\t\t\t\t<div class=\"elementor-element elementor-element-7cda2a9 animated-slow elementor-invisible elementor-widget elementor-widget-text-editor\" data-id=\"7cda2a9\" data-element_type=\"widget\" data-e-type=\"widget\" data-settings=\"{&quot;_animation&quot;:&quot;fadeIn&quot;}\" data-widget_type=\"text-editor.default\">\n\t\t\t\t\t\t\t\t\t<p><span style=\"font-weight: 400;\">Today, with its operational base in the United States, PitaHealth builds strategic alliances with local producers, guarantees responsible processes, and complies with international quality and safety standards, connecting generations of agricultural knowledge with modern and sustainable practices. In this way, the company positions Ecuadorian yellow pitahaya as a premium superfood that is naturally reliable and healthy, with origin, history, and purpose.<\/span><\/p>\t\t\t\t\t\t\t\t<\/div>\n\t\t\t\t<\/div>\n\t\t\t\t<\/div>\n\t\t\t\t<\/div>","protected":false},"excerpt":{"rendered":"<p>Un equipo inspirado en la riqueza agr\u00edcola de la Amazon\u00eda CONTACTA CON NOSOTROS PitaHealth EC LLC Nace como una empresa orientada a la comercializaci\u00f3n internacional de pitahaya amarilla ecuatoriana, inspirada en la riqueza agr\u00edcola de la Amazon\u00eda y en la creciente demanda global de frutas ex\u00f3ticas saludables y de alto valor nutricional. Su origen est\u00e1 [&hellip;]<\/p>\n","protected":false},"author":1,"featured_media":0,"parent":0,"menu_order":0,"comment_status":"closed","ping_status":"closed","template":"elementor_header_footer","meta":{"footnotes":""},"class_list":["post-160","page","type-page","status-publish","hentry"],"_links":{"self":[{"href":"https:\/\/pitahealthllc.com\/en\/wp-json\/wp\/v2\/pages\/160","targetHints":{"allow":["GET"]}}],"collection":[{"href":"https:\/\/pitahealthllc.com\/en\/wp-json\/wp\/v2\/pages"}],"about":[{"href":"https:\/\/pitahealthllc.com\/en\/wp-json\/wp\/v2\/types\/page"}],"author":[{"embeddable":true,"href":"https:\/\/pitahealthllc.com\/en\/wp-json\/wp\/v2\/users\/1"}],"replies":[{"embeddable":true,"href":"https:\/\/pitahealthllc.com\/en\/wp-json\/wp\/v2\/comments?post=160"}],"version-history":[{"count":16,"href":"https:\/\/pitahealthllc.com\/en\/wp-json\/wp\/v2\/pages\/160\/revisions"}],"predecessor-version":[{"id":300,"href":"https:\/\/pitahealthllc.com\/en\/wp-json\/wp\/v2\/pages\/160\/revisions\/300"}],"wp:attachment":[{"href":"https:\/\/pitahealthllc.com\/en\/wp-json\/wp\/v2\/media?parent=160"}],"curies":[{"name":"wp","href":"https:\/\/api.w.org\/{rel}","templated":true}]}}